{"id":13,"date":"2017-04-26T19:16:58","date_gmt":"2017-04-26T17:16:58","guid":{"rendered":"http:\/\/192.168.178.102\/bonesky\/?page_id=13"},"modified":"2017-04-26T19:16:58","modified_gmt":"2017-04-26T17:16:58","slug":"impressum","status":"publish","type":"page","link":"https:\/\/bonesky.de\/index.php\/startseite\/impressum\/","title":{"rendered":"Impressum"},"content":{"rendered":"<h1>Impressum<\/h1>\n<h2>Angaben gem\u00e4\u00df \u00a7 5 TMG:<\/h2>\n<p>Gunter Bonesky<br \/>\nBonesky Heizungsbau<br \/>\nBahnhofstra\u00dfe 18<br \/>\n08261 Sch\u00f6neck<\/p>\n<h2>Kontakt:<\/h2>\n<table>\n<tbody>\n<tr>\n<td>Telefon:<\/td>\n<td>037464 \/ 88471<\/td>\n<\/tr>\n<tr>\n<td>Telefax:<\/td>\n<td>037464 \/ 88472<\/td>\n<\/tr>\n<tr>\n<td>E-<br \/>\nMail:<\/td>\n<td>info@bonesky.de<\/td>\n<\/tr>\n<\/tbody>\n<\/table>\n<p>Umsatzsteuer-<br \/>\nIdentifikationsnummer gem\u00e4\u00df \u00a727 a Umsatzsteuergesetz:<br \/>\nDE\u00a0141 100 579<\/p>\n<h2>Aufsichtsbeh\u00f6rde:<\/h2>\n<p>Landratsamt<br \/>\nPlauen<\/p>\n<p>Die Europ\u00e4ische Kommission stellt eine Plattform zur<br \/>\nOnline-Streitbeilegung (OS) bereit: <a href=\"http:\/\/ec.europa.eu\/consumers\/odr\">http:\/\/ec.europa.eu\/consumers\/odr<\/a><br \/>\nUnsere E-Mail-Adresse finden Sie oben im Impressum.<\/p>\n<p>&nbsp;<\/p>\n<p>Wir sind nicht bereit oder verpflichtet, an Streitbeilegungsverfahren vor<br \/>\neiner Verbraucherschlichtungsstelle teilzunehmen.<\/p>\n<h2>Haftung f\u00fcr<br \/>\nInhalte<\/h2>\n<p>Als Diensteanbieter sind wir gem\u00e4\u00df \u00a7 7 Abs.1<br \/>\nTMG f\u00fcr eigene Inhalte auf diesen Seiten nach den allgemeinen Gesetzen<br \/>\nverantwortlich. Nach \u00a7\u00a7 8 bis 10 TMG sind wir als Diensteanbieter<br \/>\njedoch nicht verpflichtet, \u00fcbermittelte oder gespeicherte fremde<br \/>\nInformationen zu \u00fcberwachen oder nach Umst\u00e4nden zu forschen, die<br \/>\nauf eine rechtswidrige T\u00e4tigkeit hinweisen.<\/p>\n<p>Verpflichtungen zur<br \/>\nEntfernung oder Sperrung der Nutzung von Informationen nach den allgemeinen<br \/>\nGesetzen bleiben hiervon unber\u00fchrt. Eine diesbez\u00fcgliche Haftung ist<br \/>\njedoch erst ab dem Zeitpunkt der Kenntnis einer konkreten Rechtsverletzung<br \/>\nm\u00f6glich. Bei Bekanntwerden von entsprechenden Rechtsverletzungen werden<br \/>\nwir diese Inhalte umgehend entfernen.<\/p>\n<h2>Haftung f\u00fcr Links<\/h2>\n<p>Unser Angebot enth\u00e4lt Links zu externen Webseiten Dritter, auf deren<br \/>\nInhalte wir keinen Einfluss haben. Deshalb k\u00f6nnen wir f\u00fcr diese<br \/>\nfremden Inhalte auch keine Gew\u00e4hr \u00fcbernehmen. F\u00fcr die Inhalte<br \/>\nder verlinkten Seiten ist stets der jeweilige Anbieter oder Betreiber der<br \/>\nSeiten verantwortlich. Die verlinkten Seiten wurden zum Zeitpunkt der<br \/>\nVerlinkung auf m\u00f6gliche Rechtsverst\u00f6\u00dfe \u00fcberpr\u00fcft.<br \/>\nRechtswidrige Inhalte waren zum Zeitpunkt der Verlinkung nicht erkennbar.<\/p>\n<p>Eine permanente inhaltliche Kontrolle der verlinkten Seiten ist jedoch<br \/>\nohne konkrete Anhaltspunkte einer Rechtsverletzung nicht zumutbar. Bei<br \/>\nBekanntwerden von Rechtsverletzungen werden wir derartige Links umgehend<br \/>\nentfernen.<\/p>\n<h2>Urheberrecht<\/h2>\n<p>Die durch die Seitenbetreiber<br \/>\nerstellten Inhalte und Werke auf diesen Seiten unterliegen dem deutschen<br \/>\nUrheberrecht. Die Vervielf\u00e4ltigung, Bearbeitung, Verbreitung und jede<br \/>\nArt der Verwertung au\u00dferhalb der Grenzen des Urheberrechtes<br \/>\nbed\u00fcrfen der schriftlichen Zustimmung des jeweiligen Autors bzw.<br \/>\nErstellers. Downloads und Kopien dieser Seite sind nur f\u00fcr den privaten,<br \/>\nnicht kommerziellen Gebrauch gestattet.<\/p>\n<p>Soweit die Inhalte auf dieser<br \/>\nSeite nicht vom Betreiber erstellt wurden, werden die Urheberrechte Dritter<br \/>\nbeachtet. Insbesondere werden Inhalte Dritter als solche gekennzeichnet.<br \/>\nSollten Sie trotzdem auf eine Urheberrechtsverletzung aufmerksam werden,<br \/>\nbitten wir um einen entsprechenden Hinweis. Bei Bekanntwerden von<br \/>\nRechtsverletzungen werden wir derartige Inhalte umgehend<br \/>\nentfernen.<\/p>\n<p>&nbsp;<\/p>\n<p>Quelle: <a href=\"https:\/\/www.e-recht24.de\">e-recht24.de<\/a><\/p>\n<h1>Datenschutzerkl\u00e4rung:<\/h1>\n<h2>Datenschutz<\/h2>\n<p>Die Betreiber<br \/>\ndieser Seiten nehmen den Schutz Ihrer pers\u00f6nlichen Daten sehr ernst. Wir<br \/>\nbehandeln Ihre personenbezogenen Daten vertraulich und entsprechend der<br \/>\ngesetzlichen Datenschutzvorschriften sowie dieser<br \/>\nDatenschutzerkl\u00e4rung.<\/p>\n<p>Die Nutzung unserer Webseite ist in der<br \/>\nRegel ohne Angabe personenbezogener Daten m\u00f6glich. Soweit auf unseren<br \/>\nSeiten personenbezogene Daten (beispielsweise Name, Anschrift oder E-Mail-<br \/>\nAdressen) erhoben werden, erfolgt dies, soweit m\u00f6glich, stets auf<br \/>\nfreiwilliger Basis. Diese Daten werden ohne Ihre ausdr\u00fcckliche<br \/>\nZustimmung nicht an Dritte weitergegeben.<\/p>\n<p>Wir weisen darauf hin, dass<br \/>\ndie Daten\u00fcbertragung im Internet (z.B. bei der Kommunikation per E-Mail)<br \/>\nSicherheitsl\u00fccken aufweisen kann. Ein l\u00fcckenloser Schutz der Daten<br \/>\nvor dem Zugriff durch Dritte ist nicht m\u00f6glich.<\/p>\n<p>&nbsp;<\/p>\n<h2>Cookies<\/h2>\n<p>Die Internetseiten verwenden teilweise so genannte<br \/>\nCookies. Cookies richten auf Ihrem Rechner keinen Schaden an und enthalten<br \/>\nkeine Viren. Cookies dienen dazu, unser Angebot nutzerfreundlicher,<br \/>\neffektiver und sicherer zu machen. Cookies sind kleine Textdateien, die auf<br \/>\nIhrem Rechner abgelegt werden und die Ihr Browser speichert.<\/p>\n<p>Die<br \/>\nmeisten der von uns verwendeten Cookies sind so genannte \u201eSession-Cookies\u201c.<br \/>\nSie werden nach Ende Ihres Besuchs automatisch gel\u00f6scht. Andere Cookies<br \/>\nbleiben auf Ihrem Endger\u00e4t gespeichert, bis Sie diese l\u00f6schen.<br \/>\nDiese Cookies erm\u00f6glichen es uns, Ihren Browser beim n\u00e4chsten<br \/>\nBesuch wiederzuerkennen.<\/p>\n<p>Sie k\u00f6nnen Ihren Browser so einstellen,<br \/>\ndass Sie \u00fcber das Setzen von Cookies informiert werden und Cookies nur<br \/>\nim Einzelfall erlauben, die Annahme von Cookies f\u00fcr bestimmte F\u00e4lle<br \/>\noder generell ausschlie\u00dfen sowie das automatische L\u00f6schen der<br \/>\nCookies beim Schlie\u00dfen des Browser aktivieren. Bei der Deaktivierung<br \/>\nvon Cookies kann die Funktionalit\u00e4t dieser Website eingeschr\u00e4nkt<br \/>\nsein.<\/p>\n<p>&nbsp;<\/p>\n<h2>Server-Log-Files<\/h2>\n<p>Der Provider der Seiten<br \/>\nerhebt und speichert automatisch Informationen in so genannten Server-Log<br \/>\nFiles, die Ihr Browser automatisch an uns \u00fcbermittelt. Dies sind:<\/p>\n<ul>\n<li>Browsertyp und Browserversion<\/li>\n<li>verwendetes<br \/>\nBetriebssystem<\/li>\n<li>Referrer URL<\/li>\n<li>Hostname des zugreifenden<br \/>\nRechners<\/li>\n<li>Uhrzeit der Serveranfrage<\/li>\n<\/ul>\n<p>Diese Daten<br \/>\nsind nicht bestimmten Personen zuordenbar. Eine Zusammenf\u00fchrung dieser<br \/>\nDaten mit anderen Datenquellen wird nicht vorgenommen. Wir behalten uns vor,<br \/>\ndiese Daten nachtr\u00e4glich zu pr\u00fcfen, wenn uns konkrete Anhaltspunkte<br \/>\nf\u00fcr eine rechtswidrige Nutzung bekannt werden.<\/p>\n<p>&nbsp;<\/p>\n<h2>SSL-<br \/>\nVerschl\u00fcsselung<\/h2>\n<p>Diese Seite nutzt aus Gr\u00fcnden der<br \/>\nSicherheit und zum Schutz der \u00dcbertragung vertraulicher Inhalte, wie zum<br \/>\nBeispiel der Anfragen, die Sie an uns als Seitenbetreiber senden, eine SSL-<br \/>\nVerschl\u00fcsselung. Eine verschl\u00fcsselte Verbindung erkennen Sie daran,<br \/>\ndass die Adresszeile des Browsers von &#8222;http:\/\/&#8220; auf<br \/>\n&#8222;https:\/\/&#8220; wechselt und an dem Schloss-Symbol in Ihrer<br \/>\nBrowserzeile.<\/p>\n<p>Wenn die SSL Verschl\u00fcsselung aktiviert ist,<br \/>\nk\u00f6nnen die Daten, die Sie an uns \u00fcbermitteln, nicht von Dritten<br \/>\nmitgelesen werden.<\/p>\n<p>&nbsp;<\/p>\n<h2>Widerspruch Werbe-Mails<\/h2>\n<p>Der<br \/>\nNutzung von im Rahmen der Impressumspflicht ver\u00f6ffentlichten<br \/>\nKontaktdaten zur \u00dcbersendung von nicht ausdr\u00fccklich angeforderter<br \/>\nWerbung und Informationsmaterialien wird hiermit widersprochen. Die Betreiber<br \/>\nder Seiten behalten sich ausdr\u00fccklich rechtliche Schritte im Falle der<br \/>\nunverlangten Zusendung von Werbeinformationen, etwa durch Spam-E-Mails,<br \/>\nvor.<\/p>\n<p>&nbsp;<\/p>\n<p>Quelle: <a href=\"https:\/\/www.e- recht24.de\">eRecht24<\/a><\/p>\n","protected":false},"excerpt":{"rendered":"<p>Impressum Angaben gem\u00e4\u00df \u00a7 5 TMG: Gunter Bonesky Bonesky Heizungsbau Bahnhofstra\u00dfe 18 08261 Sch\u00f6neck Kontakt: Telefon: 037464 \/ 88471 Telefax:<\/p>\n","protected":false},"author":1,"featured_media":0,"parent":144,"menu_order":0,"comment_status":"closed","ping_status":"closed","template":"","meta":{"colormag_page_container_layout":"default_layout","colormag_page_sidebar_layout":"default_layout","footnotes":""},"class_list":["post-13","page","type-page","status-publish","hentry"],"_links":{"self":[{"href":"https:\/\/bonesky.de\/index.php\/wp-json\/wp\/v2\/pages\/13","targetHints":{"allow":["GET"]}}],"collection":[{"href":"https:\/\/bonesky.de\/index.php\/wp-json\/wp\/v2\/pages"}],"about":[{"href":"https:\/\/bonesky.de\/index.php\/wp-json\/wp\/v2\/types\/page"}],"author":[{"embeddable":true,"href":"https:\/\/bonesky.de\/index.php\/wp-json\/wp\/v2\/users\/1"}],"replies":[{"embeddable":true,"href":"https:\/\/bonesky.de\/index.php\/wp-json\/wp\/v2\/comments?post=13"}],"version-history":[{"count":0,"href":"https:\/\/bonesky.de\/index.php\/wp-json\/wp\/v2\/pages\/13\/revisions"}],"up":[{"embeddable":true,"href":"https:\/\/bonesky.de\/index.php\/wp-json\/wp\/v2\/pages\/144"}],"wp:attachment":[{"href":"https:\/\/bonesky.de\/index.php\/wp-json\/wp\/v2\/media?parent=13"}],"curies":[{"name":"wp","href":"https:\/\/api.w.org\/{rel}","templated":true}]}}