{"id":173,"date":"2018-01-29T15:36:03","date_gmt":"2018-01-29T15:36:03","guid":{"rendered":"http:\/\/bonesky.de\/?page_id=173"},"modified":"2018-01-29T15:36:03","modified_gmt":"2018-01-29T15:36:03","slug":"aktuelles","status":"publish","type":"page","link":"https:\/\/bonesky.de\/index.php\/startseite\/aktuelles\/","title":{"rendered":"Aktuelles"},"content":{"rendered":"<p><strong>Vitovalor Brennstoffzelle<\/strong><\/p>\n<p>Eignet sich hervorragnend im Neubau sowie Modernisierung im Altbau.<\/p>\n<p>Das Ger\u00e4t erzeugt unter Umweltfreundlichsten Bedingungen sowohl W\u00e4rme f\u00fcr Ihr Wohngeb\u00e4ude, als Zusatzleistung auch noch Strom f\u00fcr den t\u00e4glichen Bedarf im Haushalt.<\/p>\n<p>Wir informieren Sie auf Wunsch sehr gerne <em>pers\u00f6nlich<\/em><\/p>\n<p>M\u00f6glichkeiten der F\u00f6rderprogramme, bitte informieren Sie dich im Vorfeld unter den nachfolgenden Adressen<\/p>\n<p><a href=\"http:\/\/www.bafa.de\/bafa\/de\/energie\/erneuerbare_energien\/index.html\"><strong>http:\/\/www.bafa.de\/bafa\/de\/energie\/erneuerbare_energien\/index.html<\/strong><\/a><\/p>\n<p><a href=\"https:\/\/www.kfw.de\/inlandsfoerderung\/Privatpersonen\/index-2.html\"><strong>https:\/\/www.kfw.de\/inlandsfoerderung\/Privatpersonen\/index-2.html<\/strong><\/a><\/p>\n<p>&nbsp;<\/p>\n<p><cite class=\"_Rm\">\u00a0<\/cite><\/p>\n","protected":false},"excerpt":{"rendered":"<p>Vitovalor Brennstoffzelle Eignet sich hervorragnend im Neubau sowie Modernisierung im Altbau. Das Ger\u00e4t erzeugt unter Umweltfreundlichsten Bedingungen sowohl W\u00e4rme f\u00fcr<\/p>\n","protected":false},"author":1,"featured_media":0,"parent":144,"menu_order":0,"comment_status":"closed","ping_status":"closed","template":"","meta":{"colormag_page_container_layout":"default_layout","colormag_page_sidebar_layout":"default_layout","footnotes":""},"class_list":["post-173","page","type-page","status-publish","hentry"],"_links":{"self":[{"href":"https:\/\/bonesky.de\/index.php\/wp-json\/wp\/v2\/pages\/173","targetHints":{"allow":["GET"]}}],"collection":[{"href":"https:\/\/bonesky.de\/index.php\/wp-json\/wp\/v2\/pages"}],"about":[{"href":"https:\/\/bonesky.de\/index.php\/wp-json\/wp\/v2\/types\/page"}],"author":[{"embeddable":true,"href":"https:\/\/bonesky.de\/index.php\/wp-json\/wp\/v2\/users\/1"}],"replies":[{"embeddable":true,"href":"https:\/\/bonesky.de\/index.php\/wp-json\/wp\/v2\/comments?post=173"}],"version-history":[{"count":0,"href":"https:\/\/bonesky.de\/index.php\/wp-json\/wp\/v2\/pages\/173\/revisions"}],"up":[{"embeddable":true,"href":"https:\/\/bonesky.de\/index.php\/wp-json\/wp\/v2\/pages\/144"}],"wp:attachment":[{"href":"https:\/\/bonesky.de\/index.php\/wp-json\/wp\/v2\/media?parent=173"}],"curies":[{"name":"wp","href":"https:\/\/api.w.org\/{rel}","templated":true}]}}